{"id":192,"date":"2023-07-04T15:36:35","date_gmt":"2023-07-04T15:36:35","guid":{"rendered":"https:\/\/195.117.231.9\/?page_id=192"},"modified":"2023-08-21T18:03:24","modified_gmt":"2023-08-21T18:03:24","slug":"zasieg","status":"publish","type":"page","link":"http:\/\/mpinternet.pl\/?page_id=192","title":{"rendered":"zasi\u0119g"},"content":{"rendered":"\n<div class=\"wp-block-group is-layout-constrained wp-container-8 wp-block-group-is-layout-constrained\" style=\"padding-top:20px\">\n<div class=\"wp-block-columns are-vertically-aligned-center is-layout-flex wp-container-7 wp-block-columns-is-layout-flex\">\n<div class=\"wp-block-column is-vertically-aligned-center is-layout-flow wp-block-column-is-layout-flow\" style=\"flex-basis:33.33%\"><h1 style=\"font-size:36px;font-style:normal;font-weight:500;\" class=\"has-link-color has-text-color has-white-color wp-block-site-title has-system-fonts-font-family wp-elements-ccee218f3c7ae5c5ec85a0e0f89c8e9f\"><a href=\"http:\/\/mpinternet.pl\" target=\"_self\" rel=\"home\">Jeste\u015bmy tu\u017c obok Ciebie<\/a><\/h1><\/div>\n\n\n\n<div class=\"wp-block-column is-vertically-aligned-center is-layout-flow wp-block-column-is-layout-flow\"><\/div>\n\n\n\n<div class=\"wp-block-column is-vertically-aligned-center is-layout-flow wp-block-column-is-layout-flow\" style=\"flex-basis:66.66%\">\n<div class=\"wp-block-group is-content-justification-right is-nowrap is-layout-flex wp-container-5 wp-block-group-is-layout-flex\"><nav style=\"font-size:14px;font-style:normal;font-weight:500;text-transform:uppercase;\" class=\"has-text-color has-white-color is-responsive is-style-customnav wp-block-navigation is-horizontal is-layout-flex wp-block-navigation-is-layout-flex\" aria-label=\"Header navigation 2\" ><button aria-haspopup=\"true\" aria-label=\"Open menu\" class=\"wp-block-navigation__responsive-container-open \" data-micromodal-trigger=\"modal-3\" ><svg width=\"24\" height=\"24\" xmlns=\"http:\/\/www.w3.org\/2000\/svg\" viewBox=\"0 0 24 24\" aria-hidden=\"true\" focusable=\"false\"><rect x=\"4\" y=\"7.5\" width=\"16\" height=\"1.5\" \/><rect x=\"4\" y=\"15\" width=\"16\" height=\"1.5\" \/><\/svg><\/button>\n\t\t\t<div class=\"wp-block-navigation__responsive-container  \" style=\"\" id=\"modal-3\" >\n\t\t\t\t<div class=\"wp-block-navigation__responsive-close\" tabindex=\"-1\" data-micromodal-close>\n\t\t\t\t\t<div class=\"wp-block-navigation__responsive-dialog\" aria-label=\"Menu\" >\n\t\t\t\t\t\t\t<button aria-label=\"Close menu\" data-micromodal-close class=\"wp-block-navigation__responsive-container-close\" ><svg xmlns=\"http:\/\/www.w3.org\/2000\/svg\" viewBox=\"0 0 24 24\" width=\"24\" height=\"24\" aria-hidden=\"true\" focusable=\"false\"><path d=\"M13 11.8l6.1-6.3-1-1-6.1 6.2-6.1-6.2-1 1 6.1 6.3-6.5 6.7 1 1 6.5-6.6 6.5 6.6 1-1z\"><\/path><\/svg><\/button>\n\t\t\t\t\t\t<div class=\"wp-block-navigation__responsive-container-content\" id=\"modal-3-content\">\n\t\t\t\t\t\t\t<ul style=\"font-size:14px;font-style:normal;font-weight:500;text-transform:uppercase;\" class=\"wp-block-navigation__container has-text-color has-white-color is-responsive is-style-customnav wp-block-navigation\"><li style=\"font-size: 14px;\" class=\" wp-block-navigation-item wp-block-navigation-link\"><a class=\"wp-block-navigation-item__content\"  href=\"http:\/\/mpinternet.pl\/\"><span class=\"wp-block-navigation-item__label\">STRONA G\u0141\u00d3WNA<\/span><\/a><\/li><li style=\"font-size: 14px;\" class=\" wp-block-navigation-item has-child open-on-hover-click wp-block-navigation-submenu\"><a class=\"wp-block-navigation-item__content\" href=\"http:\/\/mpinternet.pl\/?page_id=106\">OFERTA<\/a><button aria-label=\"OFERTA submenu\" class=\"wp-block-navigation__submenu-icon wp-block-navigation-submenu__toggle\" aria-expanded=\"false\"><svg xmlns=\"http:\/\/www.w3.org\/2000\/svg\" width=\"12\" height=\"12\" viewBox=\"0 0 12 12\" fill=\"none\" aria-hidden=\"true\" focusable=\"false\"><path d=\"M1.50002 4L6.00002 8L10.5 4\" stroke-width=\"1.5\"><\/path><\/svg><\/button><ul class=\"wp-block-navigation__submenu-container wp-block-navigation-submenu\"><li style=\"font-size: 14px;\" class=\" wp-block-navigation-item wp-block-navigation-link\"><a class=\"wp-block-navigation-item__content\"  href=\"http:\/\/mpinternet.pl\/?page_id=141\"><span class=\"wp-block-navigation-item__label\">internet \u015bwiat\u0142owodowy<\/span><\/a><\/li><li style=\"font-size: 14px;\" class=\" wp-block-navigation-item wp-block-navigation-link\"><a class=\"wp-block-navigation-item__content\"  href=\"http:\/\/mpinternet.pl\/?page_id=130\"><span class=\"wp-block-navigation-item__label\">Internet radiowy<\/span><\/a><\/li><li style=\"font-size: 14px;\" class=\" wp-block-navigation-item wp-block-navigation-link\"><a class=\"wp-block-navigation-item__content\"  href=\"http:\/\/mpinternet.pl\/?page_id=172\"><span class=\"wp-block-navigation-item__label\">Us\u0142ugi<\/span><\/a><\/li><\/ul><\/li><li style=\"font-size: 14px;\" class=\" wp-block-navigation-item wp-block-navigation-link\"><a class=\"wp-block-navigation-item__content\"  href=\"http:\/\/mpinternet.pl\/?page_id=192\"><span class=\"wp-block-navigation-item__label\">ZASI\u0118G<\/span><\/a><\/li><li style=\"font-size: 14px;\" class=\" wp-block-navigation-item wp-block-navigation-link\"><a class=\"wp-block-navigation-item__content\"  href=\"http:\/\/mpinternet.pl\/?page_id=164\"><span class=\"wp-block-navigation-item__label\">KONTAKT<\/span><\/a><\/li><li style=\"font-size: 14px;\" class=\" wp-block-navigation-item wp-block-navigation-link\"><a class=\"wp-block-navigation-item__content\"  href=\"http:\/\/mpinternet.pl\/?page_id=106\"><span class=\"wp-block-navigation-item__label\">Dokumenty<\/span><\/a><\/li><\/ul>\n\t\t\t\t\t\t<\/div>\n\t\t\t\t\t<\/div>\n\t\t\t\t<\/div>\n\t\t\t<\/div><\/nav><\/div>\n<\/div>\n<\/div>\n<\/div>\n\n\n\n<div class=\"wp-block-cover\"><span aria-hidden=\"true\" class=\"wp-block-cover__background has-background-dim\"><\/span><img decoding=\"async\" loading=\"lazy\" width=\"1200\" height=\"1200\" class=\"wp-block-cover__image-background wp-image-194\" alt=\"\" src=\"https:\/\/195.117.231.9\/wp-content\/uploads\/2023\/07\/\u2014Pngtree\u2014vector-circuit-chip-texture-background_5008508-10.png\" style=\"object-position:54% 100%\" data-object-fit=\"cover\" data-object-position=\"54% 100%\" srcset=\"http:\/\/mpinternet.pl\/wp-content\/uploads\/2023\/07\/\u2014Pngtree\u2014vector-circuit-chip-texture-background_5008508-10.png 1200w, http:\/\/mpinternet.pl\/wp-content\/uploads\/2023\/07\/\u2014Pngtree\u2014vector-circuit-chip-texture-background_5008508-10-300x300.png 300w, http:\/\/mpinternet.pl\/wp-content\/uploads\/2023\/07\/\u2014Pngtree\u2014vector-circuit-chip-texture-background_5008508-10-1024x1024.png 1024w, http:\/\/mpinternet.pl\/wp-content\/uploads\/2023\/07\/\u2014Pngtree\u2014vector-circuit-chip-texture-background_5008508-10-150x150.png 150w, http:\/\/mpinternet.pl\/wp-content\/uploads\/2023\/07\/\u2014Pngtree\u2014vector-circuit-chip-texture-background_5008508-10-768x768.png 768w\" sizes=\"(max-width: 1200px) 100vw, 1200px\" \/><div class=\"wp-block-cover__inner-container is-layout-flow wp-block-cover-is-layout-flow\">\n<p class=\"has-text-align-center has-zeever-primary-color has-text-color has-heading-1-font-size\" style=\"font-style:normal;font-weight:700\">Zasi\u0119g<\/p>\n\n\n\n<div class=\"wp-block-gutenverse-divider guten-element guten-divider guten-dyxeCy\"><div class=\"guten-divider-wrapper\"><div class=\"guten-divider-default guten-divider-line guten-divider-regular\"><\/div><\/div><\/div>\n<\/div><\/div>\n\n\n\n<div class=\"section-wrapper\" data-id=\"9vYKj7\"><section class=\"wp-block-gutenverse-section guten-element guten-section guten-9vYKj7 animated guten-element-hide desktop-fadeInUp layout-boxed align-stretch\"><div class=\"guten-background-overlay\"><\/div><div class=\"guten-shape-divider guten-shape-divider-top\"><\/div><div class=\"guten-shape-divider guten-shape-divider-bottom\"><\/div><div class=\"guten-container guten-column-gap-default\">\n<div class=\"wp-block-gutenverse-column guten-element guten-column guten-BmttGu\"><div class=\"guten-background-overlay\"><\/div><div class=\"sticky-wrapper\" data-id=\"BmttGu\"><div class=\"guten-column-wrapper\">\n<div class=\"guten-element guten-spacer guten-T8BgQS\"><\/div>\n\n\n\n<div class=\"wp-block-gutenverse-divider guten-element guten-divider guten-F5WIyx\"><div class=\"guten-divider-wrapper\"><div class=\"guten-divider-dotted guten-divider-line guten-divider-regular\"><\/div><\/div><\/div>\n\n\n\n<p class=\"has-text-align-center has-zeever-primary-color has-text-color has-normal-font-size\">Obecnie nasza sie\u0107 dociera do miejscowo\u015bci Szczawnica, Szlachtowa, Jaworki, Kro\u015bnica, Ha\u0142uszowa, pokrywaj\u0105c najg\u0119\u015bciej zaludnione cz\u0119\u015bci miejscowo\u015bci.<\/p>\n\n\n\n<div class=\"wp-block-gutenverse-divider guten-element guten-divider guten-f1LaPm\"><div class=\"guten-divider-wrapper\"><div class=\"guten-divider-dotted guten-divider-line guten-divider-regular\"><\/div><\/div><\/div>\n\n\n\n<div class=\"guten-element guten-spacer guten-OWAwYP\"><\/div>\n<\/div><\/div><\/div>\n<\/div><\/section><\/div>\n\n\n\n<div class=\"section-wrapper\" data-id=\"ESdCD7\"><section class=\"wp-block-gutenverse-section guten-element guten-section guten-ESdCD7 animated guten-element-hide desktop-fadeInUp layout-boxed align-stretch\"><div class=\"guten-background-overlay\"><\/div><div class=\"guten-shape-divider guten-shape-divider-top\"><\/div><div class=\"guten-shape-divider guten-shape-divider-bottom\"><\/div><div class=\"guten-container guten-column-gap-default\">\n<div class=\"wp-block-gutenverse-column guten-element guten-column guten-YeIweI animated guten-element-hide desktop-fadeInDown\"><div class=\"guten-background-overlay\"><\/div><div class=\"sticky-wrapper\" data-id=\"YeIweI\"><div class=\"guten-column-wrapper\">\n<div class=\"guten-element guten-spacer guten-PbpWZU\"><\/div>\n\n\n\n<div class=\"wp-block-gutenverse-divider guten-element guten-divider guten-C32rsO\"><div class=\"guten-divider-wrapper\"><div class=\"guten-divider-dotted guten-divider-line guten-divider-regular\"><\/div><\/div><\/div>\n\n\n\n<p class=\"has-text-align-center has-zeever-primary-color has-text-color has-normal-font-size\">Je\u015bli mieszkasz w miejscu wysoko po\u0142o\u017conym i jeste\u015b w strefie zasi\u0119gu naszych nadajnik\u00f3w, oraz zainteresowany jeste\u015b wsp\u00f3\u0142prac\u0105 z nami to ZADZWNO\u0143 LUB NAPISZ! Oferujemy dogodne warunki wsp\u00f3\u0142pracy, szczeg\u00f3\u0142y pod numerami telefon\u00f3w lub mailowo &#8211; <a href=\"https:\/\/195.117.231.9\/?page_id=164\" data-type=\"page\" data-id=\"164\">KONTAKT<\/a><\/p>\n\n\n\n<div class=\"wp-block-gutenverse-divider guten-element guten-divider guten-pum0Qz\"><div class=\"guten-divider-wrapper\"><div class=\"guten-divider-dotted guten-divider-line guten-divider-regular\"><\/div><\/div><\/div>\n\n\n\n<div class=\"guten-element guten-spacer guten-33lmoT\"><\/div>\n<\/div><\/div><\/div>\n<\/div><\/section><\/div>\n\n\n\n<div class=\"section-wrapper\" data-id=\"qCSMth\"><section class=\"wp-block-gutenverse-section guten-element guten-section guten-qCSMth animated guten-element-hide desktop-fadeInUp layout-boxed align-stretch\"><div class=\"guten-background-overlay\"><\/div><div class=\"guten-shape-divider guten-shape-divider-top\"><\/div><div class=\"guten-shape-divider guten-shape-divider-bottom\"><\/div><div class=\"guten-container guten-column-gap-default\">\n<div class=\"wp-block-gutenverse-column guten-element guten-column guten-7WksRc animated guten-element-hide desktop-fadeInDown\"><div class=\"guten-background-overlay\"><\/div><div class=\"sticky-wrapper\" data-id=\"7WksRc\"><div class=\"guten-column-wrapper\">\n<div class=\"guten-element guten-spacer guten-qc0H4M\"><\/div>\n\n\n\n<div class=\"wp-block-gutenverse-divider guten-element guten-divider guten-YcBHrb\"><div class=\"guten-divider-wrapper\"><div class=\"guten-divider-dotted guten-divider-line guten-divider-regular\"><\/div><\/div><\/div>\n\n\n\n<p class=\"has-text-align-center has-zeever-primary-color has-text-color has-normal-font-size\">Mapa zasi\u0119gu obecnie niedost\u0119pna. w celu uzyskania informacji prosimy o <a href=\"https:\/\/195.117.231.9\/?page_id=164\" data-type=\"page\" data-id=\"164\">kontakt<\/a><\/p>\n\n\n\n<div class=\"wp-block-gutenverse-divider guten-element guten-divider guten-JzjDI8\"><div class=\"guten-divider-wrapper\"><div class=\"guten-divider-dotted guten-divider-line guten-divider-regular\"><\/div><\/div><\/div>\n\n\n\n<div class=\"guten-element guten-spacer guten-loP04N\"><\/div>\n<\/div><\/div><\/div>\n<\/div><\/section><\/div>\n\n\n\n<div class=\"wp-block-group has-black-background-color has-background is-layout-constrained wp-container-17 wp-block-group-is-layout-constrained\" style=\"padding-top:80px;padding-bottom:0px\">\n<div class=\"wp-block-gutenverse-divider guten-element guten-divider guten-t2Vd5x animated guten-element-hide desktop-fadeIn\"><div class=\"guten-divider-wrapper\"><div class=\"guten-divider-default guten-divider-line guten-divider-regular\"><\/div><\/div><\/div>\n\n\n\n<div class=\"wp-block-columns are-vertically-aligned-top is-layout-flex wp-container-13 wp-block-columns-is-layout-flex\" style=\"margin-bottom:80px\">\n<div class=\"wp-block-column is-vertically-aligned-top is-layout-flow wp-block-column-is-layout-flow\" style=\"padding-right:40px;flex-basis:300px\"><h1 style=\"margin-bottom:30px; font-style:normal;font-weight:500;\" class=\"has-text-align-center has-link-color wp-block-site-title has-extra-large-font-size has-helvetica-arial-font-family wp-elements-430c4d54fbfa10878ef0692d8f39b341\"><a href=\"http:\/\/mpinternet.pl\" target=\"_self\" rel=\"home\">Jeste\u015bmy tu\u017c obok Ciebie<\/a><\/h1>\n\n\n<div class=\"wp-block-gutenverse-divider guten-element guten-divider guten-diTt9l\"><div class=\"guten-divider-wrapper\"><div class=\"guten-divider-default guten-divider-line guten-divider-regular\"><\/div><\/div><\/div>\n\n\n\n<p class=\"has-text-align-center has-text-color\" style=\"color:#d0d0d0;font-size:14px;font-style:normal;font-weight:300\"><img decoding=\"async\" loading=\"lazy\" width=\"1024\" height=\"225\" class=\"wp-image-237\" style=\"width: 300px;\" src=\"http:\/\/195.117.231.9\/wp-content\/uploads\/2023\/07\/mplogo2-1024x225-removebg-preview.png\" alt=\"\" srcset=\"http:\/\/mpinternet.pl\/wp-content\/uploads\/2023\/07\/mplogo2-1024x225-removebg-preview.png 1024w, http:\/\/mpinternet.pl\/wp-content\/uploads\/2023\/07\/mplogo2-1024x225-removebg-preview-300x66.png 300w, http:\/\/mpinternet.pl\/wp-content\/uploads\/2023\/07\/mplogo2-1024x225-removebg-preview-768x169.png 768w\" sizes=\"(max-width: 1024px) 100vw, 1024px\" \/><\/p>\n\n\n\n<p><\/p>\n<\/div>\n\n\n\n<div class=\"wp-block-column is-vertically-aligned-top is-layout-flow wp-block-column-is-layout-flow\" style=\"padding-top:20px;padding-left:60px;flex-basis:200px\">\n<h2 class=\"wp-block-heading has-white-color has-text-color has-small-font-size\" style=\"font-style:normal;font-weight:500\">Linki<\/h2>\n\n\n\n<p class=\"has-zeever-primary-color has-text-color has-link-color wp-elements-61f8e9a43735475a3687eb29168e8038\"><a href=\"https:\/\/195.117.231.9\/\" data-type=\"URL\" data-id=\"https:\/\/195.117.231.9\/\">strona g\u0142\u00f3wna<\/a><\/p>\n\n\n\n<p class=\"has-white-color has-text-color has-link-color wp-elements-37876af83d886a5d6c54adcb56032592\"><a href=\"https:\/\/195.117.231.9\/?page_id=106\" data-type=\"URL\" data-id=\"https:\/\/195.117.231.9\/?page_id=106\">oferta<\/a><\/p>\n\n\n\n<p class=\"has-link-color wp-elements-41fa1077a8faf272572dcecc467bd0a1\"><a href=\"https:\/\/195.117.231.9\/?page_id=172\" data-type=\"page\" data-id=\"172\">Us\u0142ugi<\/a><\/p>\n\n\n\n<p class=\"has-white-color has-text-color has-link-color wp-elements-18929e7fc43f5d3bc7fa2f2747fea91f\"><a href=\"http:\/\/kontakt\" data-type=\"URL\" data-id=\"kontakt\">kontakt<\/a><\/p>\n<\/div>\n\n\n\n<div class=\"wp-block-column is-vertically-aligned-top is-layout-flow wp-block-column-is-layout-flow\" style=\"padding-top:20px;padding-right:20px\">\n<h2 class=\"wp-block-heading has-white-color has-text-color has-small-font-size\" style=\"margin-left:25px;font-style:normal;font-weight:500\">Kontakt<\/h2>\n\n\n\n<ul class=\"has-white-color has-text-color has-tiny-font-size\" style=\"font-style:normal;font-weight:400;line-height:2.8\">\n<li>ul. Wsp\u00f3lna 59<br>34-460 Szlachtowa<\/li>\n\n\n\n<li>Miros\u0142aw Biel &#8211; 511700709<br>Pawe\u0142 Piszczek &#8211; 504978780<\/li>\n<\/ul>\n<\/div>\n<\/div>\n\n\n\n<hr class=\"wp-block-separator alignfull has-text-color has-zeever-third-color has-alpha-channel-opacity has-zeever-third-background-color has-background is-style-wide\"\/>\n\n\n\n<div class=\"wp-block-group is-layout-flow wp-block-group-is-layout-flow\" style=\"padding-top:0px;padding-bottom:10px\">\n<div class=\"wp-block-columns are-vertically-aligned-center is-layout-flex wp-container-15 wp-block-columns-is-layout-flex\">\n<div class=\"wp-block-column is-vertically-aligned-center is-layout-flow wp-block-column-is-layout-flow\">\n<p class=\"has-text-align-left has-text-color has-link-color wp-elements-d9e1317292326ff07cad37c53353c3f1\" style=\"color:#d0d0d0;font-size:14px;font-style:normal;font-weight:300\">Copyright \u00a9 2023. All rights reserved.<\/p>\n<\/div>\n<\/div>\n<\/div>\n<\/div>\n","protected":false},"excerpt":{"rendered":"<p>Linki strona g\u0142\u00f3wna oferta Us\u0142ugi kontakt Kontakt Copyright \u00a9 2023. All rights reserved.<\/p>\n","protected":false},"author":1,"featured_media":0,"parent":0,"menu_order":0,"comment_status":"closed","ping_status":"closed","template":"blank-canvas","meta":{"footnotes":""},"_links":{"self":[{"href":"http:\/\/mpinternet.pl\/index.php?rest_route=\/wp\/v2\/pages\/192"}],"collection":[{"href":"http:\/\/mpinternet.pl\/index.php?rest_route=\/wp\/v2\/pages"}],"about":[{"href":"http:\/\/mpinternet.pl\/index.php?rest_route=\/wp\/v2\/types\/page"}],"author":[{"embeddable":true,"href":"http:\/\/mpinternet.pl\/index.php?rest_route=\/wp\/v2\/users\/1"}],"replies":[{"embeddable":true,"href":"http:\/\/mpinternet.pl\/index.php?rest_route=%2Fwp%2Fv2%2Fcomments&post=192"}],"version-history":[{"count":5,"href":"http:\/\/mpinternet.pl\/index.php?rest_route=\/wp\/v2\/pages\/192\/revisions"}],"predecessor-version":[{"id":257,"href":"http:\/\/mpinternet.pl\/index.php?rest_route=\/wp\/v2\/pages\/192\/revisions\/257"}],"wp:attachment":[{"href":"http:\/\/mpinternet.pl\/index.php?rest_route=%2Fwp%2Fv2%2Fmedia&parent=192"}],"curies":[{"name":"wp","href":"https:\/\/api.w.org\/{rel}","templated":true}]}}