{"id":172,"date":"2023-07-04T14:16:40","date_gmt":"2023-07-04T14:16:40","guid":{"rendered":"https:\/\/195.117.231.9\/?page_id=172"},"modified":"2023-08-21T18:23:34","modified_gmt":"2023-08-21T18:23:34","slug":"172-2","status":"publish","type":"page","link":"http:\/\/mpinternet.pl\/?page_id=172","title":{"rendered":"Us\u0142ugi"},"content":{"rendered":"\n<div class=\"wp-block-group is-layout-flow wp-block-group-is-layout-flow\">\n<div class=\"wp-block-cover\" style=\"padding-bottom:140px;min-height:460px\"><span aria-hidden=\"true\" class=\"wp-block-cover__background has-black-background-color has-background-dim-70 has-background-dim\"><\/span><img decoding=\"async\" loading=\"lazy\" width=\"1200\" height=\"1200\" class=\"wp-block-cover__image-background wp-image-231\" alt=\"\" src=\"https:\/\/195.117.231.9\/wp-content\/uploads\/2023\/07\/\u2014Pngtree\u2014vector-circuit-chip-texture-background_5008508-13.png\" style=\"object-position:50% 94%\" data-object-fit=\"cover\" data-object-position=\"50% 94%\" srcset=\"http:\/\/mpinternet.pl\/wp-content\/uploads\/2023\/07\/\u2014Pngtree\u2014vector-circuit-chip-texture-background_5008508-13.png 1200w, http:\/\/mpinternet.pl\/wp-content\/uploads\/2023\/07\/\u2014Pngtree\u2014vector-circuit-chip-texture-background_5008508-13-300x300.png 300w, http:\/\/mpinternet.pl\/wp-content\/uploads\/2023\/07\/\u2014Pngtree\u2014vector-circuit-chip-texture-background_5008508-13-1024x1024.png 1024w, http:\/\/mpinternet.pl\/wp-content\/uploads\/2023\/07\/\u2014Pngtree\u2014vector-circuit-chip-texture-background_5008508-13-150x150.png 150w, http:\/\/mpinternet.pl\/wp-content\/uploads\/2023\/07\/\u2014Pngtree\u2014vector-circuit-chip-texture-background_5008508-13-768x768.png 768w\" sizes=\"(max-width: 1200px) 100vw, 1200px\" \/><div class=\"wp-block-cover__inner-container is-layout-flow wp-block-cover-is-layout-flow\"><header class=\"wp-block-template-part\">\n<div class=\"wp-block-group is-layout-constrained wp-container-8 wp-block-group-is-layout-constrained\" style=\"padding-top:20px\">\n<div class=\"wp-block-columns are-vertically-aligned-center is-layout-flex wp-container-7 wp-block-columns-is-layout-flex\">\n<div class=\"wp-block-column is-vertically-aligned-center is-layout-flow wp-block-column-is-layout-flow\" style=\"flex-basis:33.33%\">\n<figure class=\"wp-block-image size-full\"><img decoding=\"async\" loading=\"lazy\" width=\"1024\" height=\"225\" src=\"http:\/\/195.117.231.9\/wp-content\/uploads\/2023\/07\/mplogo2-1024x225-removebg-preview.png\" alt=\"\" class=\"wp-image-237\" srcset=\"http:\/\/mpinternet.pl\/wp-content\/uploads\/2023\/07\/mplogo2-1024x225-removebg-preview.png 1024w, http:\/\/mpinternet.pl\/wp-content\/uploads\/2023\/07\/mplogo2-1024x225-removebg-preview-300x66.png 300w, http:\/\/mpinternet.pl\/wp-content\/uploads\/2023\/07\/mplogo2-1024x225-removebg-preview-768x169.png 768w\" sizes=\"(max-width: 1024px) 100vw, 1024px\" \/><\/figure>\n<\/div>\n\n\n\n<div class=\"wp-block-column is-vertically-aligned-center is-layout-flow wp-block-column-is-layout-flow\"><\/div>\n\n\n\n<div class=\"wp-block-column is-vertically-aligned-center is-layout-flow wp-block-column-is-layout-flow\" style=\"flex-basis:66.66%\">\n<div class=\"wp-block-group is-content-justification-right is-nowrap is-layout-flex wp-container-5 wp-block-group-is-layout-flex\"><nav style=\"font-size:14px;font-style:normal;font-weight:500;text-transform:uppercase;\" class=\"has-text-color has-white-color is-responsive is-style-customnav wp-block-navigation is-horizontal is-layout-flex wp-block-navigation-is-layout-flex\" aria-label=\"Header navigation 2\" ><button aria-haspopup=\"true\" aria-label=\"Open menu\" class=\"wp-block-navigation__responsive-container-open \" data-micromodal-trigger=\"modal-3\" ><svg width=\"24\" height=\"24\" xmlns=\"http:\/\/www.w3.org\/2000\/svg\" viewBox=\"0 0 24 24\" aria-hidden=\"true\" focusable=\"false\"><rect x=\"4\" y=\"7.5\" width=\"16\" height=\"1.5\" \/><rect x=\"4\" y=\"15\" width=\"16\" height=\"1.5\" \/><\/svg><\/button>\n\t\t\t<div class=\"wp-block-navigation__responsive-container  \" style=\"\" id=\"modal-3\" >\n\t\t\t\t<div class=\"wp-block-navigation__responsive-close\" tabindex=\"-1\" data-micromodal-close>\n\t\t\t\t\t<div class=\"wp-block-navigation__responsive-dialog\" aria-label=\"Menu\" >\n\t\t\t\t\t\t\t<button aria-label=\"Close menu\" data-micromodal-close class=\"wp-block-navigation__responsive-container-close\" ><svg xmlns=\"http:\/\/www.w3.org\/2000\/svg\" viewBox=\"0 0 24 24\" width=\"24\" height=\"24\" aria-hidden=\"true\" focusable=\"false\"><path d=\"M13 11.8l6.1-6.3-1-1-6.1 6.2-6.1-6.2-1 1 6.1 6.3-6.5 6.7 1 1 6.5-6.6 6.5 6.6 1-1z\"><\/path><\/svg><\/button>\n\t\t\t\t\t\t<div class=\"wp-block-navigation__responsive-container-content\" id=\"modal-3-content\">\n\t\t\t\t\t\t\t<ul style=\"font-size:14px;font-style:normal;font-weight:500;text-transform:uppercase;\" class=\"wp-block-navigation__container has-text-color has-white-color is-responsive is-style-customnav wp-block-navigation\"><li style=\"font-size: 14px;\" class=\" wp-block-navigation-item wp-block-navigation-link\"><a class=\"wp-block-navigation-item__content\"  href=\"http:\/\/mpinternet.pl\/\"><span class=\"wp-block-navigation-item__label\">STRONA G\u0141\u00d3WNA<\/span><\/a><\/li><li style=\"font-size: 14px;\" class=\" wp-block-navigation-item has-child open-on-hover-click wp-block-navigation-submenu\"><a class=\"wp-block-navigation-item__content\" href=\"http:\/\/mpinternet.pl\/?page_id=106\">OFERTA<\/a><button aria-label=\"OFERTA submenu\" class=\"wp-block-navigation__submenu-icon wp-block-navigation-submenu__toggle\" aria-expanded=\"false\"><svg xmlns=\"http:\/\/www.w3.org\/2000\/svg\" width=\"12\" height=\"12\" viewBox=\"0 0 12 12\" fill=\"none\" aria-hidden=\"true\" focusable=\"false\"><path d=\"M1.50002 4L6.00002 8L10.5 4\" stroke-width=\"1.5\"><\/path><\/svg><\/button><ul class=\"wp-block-navigation__submenu-container wp-block-navigation-submenu\"><li style=\"font-size: 14px;\" class=\" wp-block-navigation-item wp-block-navigation-link\"><a class=\"wp-block-navigation-item__content\"  href=\"http:\/\/mpinternet.pl\/?page_id=141\"><span class=\"wp-block-navigation-item__label\">internet \u015bwiat\u0142owodowy<\/span><\/a><\/li><li style=\"font-size: 14px;\" class=\" wp-block-navigation-item wp-block-navigation-link\"><a class=\"wp-block-navigation-item__content\"  href=\"http:\/\/mpinternet.pl\/?page_id=130\"><span class=\"wp-block-navigation-item__label\">Internet radiowy<\/span><\/a><\/li><li style=\"font-size: 14px;\" class=\" wp-block-navigation-item wp-block-navigation-link\"><a class=\"wp-block-navigation-item__content\"  href=\"http:\/\/mpinternet.pl\/?page_id=172\"><span class=\"wp-block-navigation-item__label\">Us\u0142ugi<\/span><\/a><\/li><\/ul><\/li><li style=\"font-size: 14px;\" class=\" wp-block-navigation-item wp-block-navigation-link\"><a class=\"wp-block-navigation-item__content\"  href=\"http:\/\/mpinternet.pl\/?page_id=192\"><span class=\"wp-block-navigation-item__label\">ZASI\u0118G<\/span><\/a><\/li><li style=\"font-size: 14px;\" class=\" wp-block-navigation-item wp-block-navigation-link\"><a class=\"wp-block-navigation-item__content\"  href=\"http:\/\/mpinternet.pl\/?page_id=164\"><span class=\"wp-block-navigation-item__label\">KONTAKT<\/span><\/a><\/li><li style=\"font-size: 14px;\" class=\" wp-block-navigation-item wp-block-navigation-link\"><a class=\"wp-block-navigation-item__content\"  href=\"http:\/\/mpinternet.pl\/?page_id=106\"><span class=\"wp-block-navigation-item__label\">Dokumenty<\/span><\/a><\/li><\/ul>\n\t\t\t\t\t\t<\/div>\n\t\t\t\t\t<\/div>\n\t\t\t\t<\/div>\n\t\t\t<\/div><\/nav><\/div>\n<\/div>\n<\/div>\n<\/div>\n<\/header>\n\n\n<div class=\"wp-block-group is-layout-constrained wp-container-11 wp-block-group-is-layout-constrained\" style=\"padding-top:160px\">\n<div class=\"wp-block-columns is-layout-flex wp-container-10 wp-block-columns-is-layout-flex\">\n<div class=\"wp-block-column is-layout-flow wp-block-column-is-layout-flow\"><h2 class=\"has-text-align-center has-text-color has-white-color wp-block-post-title has-heading-2-font-size has-cambria-georgia-font-family\">Us\u0142ugi<\/h2><\/div>\n<\/div>\n\n\n\n<hr class=\"wp-block-separator has-text-color has-zeever-secondary-color has-alpha-channel-opacity has-zeever-secondary-background-color has-background\"\/>\n<\/div>\n<\/div><\/div>\n<\/div>\n\n\n\n<div class=\"section-wrapper\" data-id=\"ZaxWRL\"><section class=\"wp-block-gutenverse-section guten-element guten-section guten-ZaxWRL layout-boxed align-stretch\"><div class=\"guten-background-overlay\"><\/div><div class=\"guten-shape-divider guten-shape-divider-top\"><\/div><div class=\"guten-shape-divider guten-shape-divider-bottom\"><\/div><div class=\"guten-container guten-column-gap-default\">\n<div class=\"wp-block-gutenverse-column guten-element guten-column guten-hzK7uu\"><div class=\"guten-background-overlay\"><\/div><div class=\"sticky-wrapper\" data-id=\"hzK7uu\"><div class=\"guten-column-wrapper\">\n<div class=\"guten-element guten-accordions guten-dByCRp animated guten-element-hide desktop-fadeIn\">\n<div class=\"accordion-item\"><div class=\"accordion-heading\"><div class=\"accordion-icon\"><span class=\"accordion-icon-open\"><i class=\"fas fa-minus\"><\/i><\/span><span class=\"accordion-icon-closed\"><i class=\"fas fa-plus\"><\/i><\/span><\/div><span class=\"accordion-text\">Serwis sprz\u0119tu komputerowego i oprogramowania<\/span><\/div><div class=\"accordion-body\"><div class=\"accordion-content\">\n<p>Wykonujemy naprawy sprz\u0119tu komputerowego poczynaj\u0105c od usterek programowych takich jak:<\/p>\n\n\n\n<ul>\n<li>reinstalacja system\u00f3w operacyjnych windows i linux<\/li>\n\n\n\n<li>usuwanie wirus\u00f3w i wszelkiego z\u0142o\u015bliwego oprogramowania<\/li>\n\n\n\n<li>konfiguracja oprogramowania pod wymagania klienta<\/li>\n\n\n\n<li>odzyskiwanie utraconych danych<\/li>\n\n\n\n<li>itp<\/li>\n<\/ul>\n\n\n\n<p>oraz sprz\u0119towych<\/p>\n\n\n\n<ul>\n<li>czyszczenie wn\u0119trza komputera<\/li>\n\n\n\n<li>wymiana podzespo\u0142\u00f3w<\/li>\n\n\n\n<li>rozbudowa zestawu o nowe peryferia<\/li>\n<\/ul>\n\n\n\n<p>Na wszystkie us\u0142ugi udzielamy min. 6 miesi\u0119cznej gwarancji.<br>Udzielamy tak\u017ce fachowego doradztwa w zakresie zakupu sprz\u0119tu i oprogramowania komputerowego.<\/p>\n<\/div><\/div><\/div>\n<\/div>\n\n\n\n<div class=\"guten-element guten-accordions guten-TccHE9 animated guten-element-hide desktop-fadeIn\">\n<div class=\"accordion-item\"><div class=\"accordion-heading\"><div class=\"accordion-icon\"><span class=\"accordion-icon-open\"><i class=\"fas fa-minus\"><\/i><\/span><span class=\"accordion-icon-closed\"><i class=\"fas fa-plus\"><\/i><\/span><\/div><span class=\"accordion-text\">Sieci komputerowe<\/span><\/div><div class=\"accordion-body\"><div class=\"accordion-content\">\n<p>Budujemy sieci komputerowe w technologi ethernet, stosuj\u0105c w niej najnowocze\u015bniejsze urz\u0105dzenia i okablowanie, zar\u00f3wno tradycyjne miedziane jak i \u015bwiat\u0142owodowe. Nasza sie\u0107 dost\u0119pu do internetu bazuje na rozwi\u0105zaniach kablowych oraz bezprzewodowych pracuj\u0105cych w standardzie 802.11 a\/b\/g. Wykonujemy sieci LAN w budynkach mieszkalnych i urz\u0119dach, stosuj\u0105c zawsze urz\u0105dzenia kt\u00f3re posiadaj\u0105 odpowiednie certyfikaty.<br>W razie konieczno\u015bci wykonujemy tak\u017ce przy\u0142\u0105cza zapewniaj\u0105ce zasilanie dla komputer\u00f3w i stacji roboczych w spos\u00f3b ci\u0105g\u0142y z zastosowaniem centralnych zasilaczy bezprzerwowych du\u017cej mocy.<\/p>\n<\/div><\/div><\/div>\n<\/div>\n\n\n\n<div class=\"guten-element guten-accordions guten-hHOqoI animated guten-element-hide desktop-fadeIn\">\n<div class=\"accordion-item\"><div class=\"accordion-heading\"><div class=\"accordion-icon\"><span class=\"accordion-icon-open\"><i class=\"fas fa-minus\"><\/i><\/span><span class=\"accordion-icon-closed\"><i class=\"fas fa-plus\"><\/i><\/span><\/div><span class=\"accordion-text\">Systemy alarmowe<\/span><\/div><div class=\"accordion-body\"><div class=\"accordion-content\">\n<p>zajmujemy si\u0119 instalowaniem system\u00f3w alarmowych. Bazujemy na urz\u0105dzeniach firmy Satel &#8211; renomowanego producenta sprz\u0119tu alarmowego w Polsce.<br>W tej sprawie informacji udzielamy tylko telefonicznie<\/p>\n<\/div><\/div><\/div>\n<\/div>\n\n\n\n<div class=\"guten-element guten-accordions guten-Oz495t animated guten-element-hide desktop-fadeIn\">\n<div class=\"accordion-item\"><div class=\"accordion-heading\"><div class=\"accordion-icon\"><span class=\"accordion-icon-open\"><i class=\"fas fa-minus\"><\/i><\/span><span class=\"accordion-icon-closed\"><i class=\"fas fa-plus\"><\/i><\/span><\/div><span class=\"accordion-text\">Centrale telefoniczne i VoIP<\/span><\/div><div class=\"accordion-body\"><div class=\"accordion-content\">\n<p>Zajmujemy si\u0119 obs\u0142ug\u0105 i monta\u017cem system\u00f3w komunikacji g\u0142osowej za pomoc\u0105 telefonii analogowej jak i cyfrowej w technologii VoIP. Posiadamy niezb\u0119dn\u0105 wiedz\u0119 do budowy abonenckich sieci telefonicznych opartych na rozwi\u0105zaniach centralowych firm Slican oraz Platan.<\/p>\n<\/div><\/div><\/div>\n<\/div>\n\n\n\n<div class=\"guten-element guten-accordions guten-KiMAlu animated guten-element-hide desktop-fadeIn\">\n<div class=\"accordion-item\"><div class=\"accordion-heading\"><div class=\"accordion-icon\"><span class=\"accordion-icon-open\"><i class=\"fas fa-minus\"><\/i><\/span><span class=\"accordion-icon-closed\"><i class=\"fas fa-plus\"><\/i><\/span><\/div><span class=\"accordion-text\">Monitoring wizyjny<\/span><\/div><div class=\"accordion-body\"><div class=\"accordion-content\">\n<p>Realizujemy instalacje monitoringu budynk\u00f3w kamerami telewizji przemys\u0142owej w technologii tradycyjnej oraz IP. Budowa takich system\u00f3w poprzedzona jest zawsze wykonaniem stosownego projektu wraz z kosztorysem. W przypadku monitoringu IP budujemy od podstaw sie\u0107 transmisji danych przy czym w przypadku udost\u0119pniania strumienia video w internecie realizujemy us\u0142ug\u0119 za pomoc\u0105 w\u0142asnych \u0142\u0105cz do sieci internet.<\/p>\n<\/div><\/div><\/div>\n<\/div>\n\n\n\n<div class=\"guten-element guten-accordions guten-olMZ4b animated guten-element-hide desktop-fadeIn\">\n<div class=\"accordion-item\"><div class=\"accordion-heading\"><div class=\"accordion-icon\"><span class=\"accordion-icon-open\"><i class=\"fas fa-minus\"><\/i><\/span><span class=\"accordion-icon-closed\"><i class=\"fas fa-plus\"><\/i><\/span><\/div><span class=\"accordion-text\">Systemy automatyki przemys\u0142owej<\/span><\/div><div class=\"accordion-body\"><div class=\"accordion-content\">\n<p>Zajmujemy si\u0119 tak\u017ce budow\u0105 i serwisowaniem uk\u0142ad\u00f3w automatyki w oparciu o sterowniki programowalne PLC takich marek jak:<\/p>\n\n\n\n<ul>\n<li>Siemens<\/li>\n\n\n\n<li>Omron<\/li>\n<\/ul>\n<\/div><\/div><\/div>\n<\/div>\n<\/div><\/div><\/div>\n<\/div><\/section><\/div>\n\n\n\n<div class=\"guten-element guten-spacer guten-CPKqlR\"><\/div>\n\n\n\n<div class=\"section-wrapper\" data-id=\"NWAVhY\"><section class=\"wp-block-gutenverse-section guten-element guten-section guten-NWAVhY animated guten-element-hide desktop-fadeIn layout-boxed align-stretch\"><div class=\"guten-background-overlay\"><\/div><div class=\"guten-shape-divider guten-shape-divider-top\"><\/div><div class=\"guten-shape-divider guten-shape-divider-bottom\"><\/div><div class=\"guten-container guten-column-gap-default\">\n<div class=\"wp-block-gutenverse-column guten-element guten-column guten-20h6Jo\"><div class=\"guten-background-overlay\"><\/div><div class=\"sticky-wrapper\" data-id=\"20h6Jo\"><div class=\"guten-column-wrapper\">\n<div class=\"guten-element guten-advanced-heading guten-7g6fJe animated guten-element-hide desktop-fadeInUp\"><div class=\"heading-section \"><div class=\"heading-line before\"><\/div><h2 class=\"heading-title\">Zapraszamy Do <span class=\"heading-focus\">Kontaktu<\/span><\/h2><\/div><span class=\"heading-subtitle\">Zdobyte przez nas do\u015bwiadczenie zawodowe na studiach kierunkowych i w pracy zawodowej, pozwala na budowanie zaawansowanych system\u00f3w sterowania procesami przemys\u0142owymi. Szczeg\u00f3\u0142owe informacje w zakresie automatyki przemys\u0142owej i doradztwo mog\u0105 Pa\u0144stwo uzyska\u0107 telefonicznie.<\/span><\/div>\n<\/div><\/div><\/div>\n<\/div><\/section><\/div>\n\n\n\n<div class=\"guten-element guten-spacer guten-535xYu\"><\/div>\n\n\n\n<div class=\"wp-block-group has-black-background-color has-background is-layout-constrained wp-container-21 wp-block-group-is-layout-constrained\" style=\"padding-top:80px;padding-bottom:0px\">\n<div class=\"wp-block-gutenverse-divider guten-element guten-divider guten-t2Vd5x animated guten-element-hide desktop-fadeIn\"><div class=\"guten-divider-wrapper\"><div class=\"guten-divider-default guten-divider-line guten-divider-regular\"><\/div><\/div><\/div>\n\n\n\n<div class=\"wp-block-columns are-vertically-aligned-top is-layout-flex wp-container-17 wp-block-columns-is-layout-flex\" style=\"margin-bottom:80px\">\n<div class=\"wp-block-column is-vertically-aligned-top is-layout-flow wp-block-column-is-layout-flow\" style=\"padding-right:40px;flex-basis:300px\"><h1 style=\"margin-bottom:30px; font-style:normal;font-weight:500;\" class=\"has-text-align-center has-link-color wp-block-site-title has-extra-large-font-size has-helvetica-arial-font-family wp-elements-430c4d54fbfa10878ef0692d8f39b341\"><a href=\"http:\/\/mpinternet.pl\" target=\"_self\" rel=\"home\">Jeste\u015bmy tu\u017c obok Ciebie<\/a><\/h1>\n\n\n<div class=\"wp-block-gutenverse-divider guten-element guten-divider guten-diTt9l\"><div class=\"guten-divider-wrapper\"><div class=\"guten-divider-default guten-divider-line guten-divider-regular\"><\/div><\/div><\/div>\n\n\n\n<p class=\"has-text-align-center has-text-color\" style=\"color:#d0d0d0;font-size:14px;font-style:normal;font-weight:300\"><img decoding=\"async\" loading=\"lazy\" width=\"1024\" height=\"225\" class=\"wp-image-237\" style=\"width: 300px;\" src=\"http:\/\/195.117.231.9\/wp-content\/uploads\/2023\/07\/mplogo2-1024x225-removebg-preview.png\" alt=\"\" srcset=\"http:\/\/mpinternet.pl\/wp-content\/uploads\/2023\/07\/mplogo2-1024x225-removebg-preview.png 1024w, http:\/\/mpinternet.pl\/wp-content\/uploads\/2023\/07\/mplogo2-1024x225-removebg-preview-300x66.png 300w, http:\/\/mpinternet.pl\/wp-content\/uploads\/2023\/07\/mplogo2-1024x225-removebg-preview-768x169.png 768w\" sizes=\"(max-width: 1024px) 100vw, 1024px\" \/><\/p>\n<\/div>\n\n\n\n<div class=\"wp-block-column is-vertically-aligned-top is-layout-flow wp-block-column-is-layout-flow\" style=\"padding-top:20px;padding-left:60px;flex-basis:200px\">\n<h2 class=\"wp-block-heading has-white-color has-text-color has-small-font-size\" style=\"font-style:normal;font-weight:500\">Linki<\/h2>\n\n\n\n<p class=\"has-white-color has-text-color has-link-color wp-elements-f2e1ac9ce3cf254485c059f07e34a03a\"><a href=\"https:\/\/195.117.231.9\/?page_id=106\" data-type=\"page\" data-id=\"106\">oferta<\/a><\/p>\n\n\n\n<p class=\"has-white-color has-text-color has-link-color wp-elements-18929e7fc43f5d3bc7fa2f2747fea91f\"><a href=\"http:\/\/kontakt\" data-type=\"URL\" data-id=\"kontakt\">kontakt<\/a><\/p>\n<\/div>\n\n\n\n<div class=\"wp-block-column is-vertically-aligned-top is-layout-flow wp-block-column-is-layout-flow\" style=\"padding-top:20px;padding-right:20px\">\n<h2 class=\"wp-block-heading has-white-color has-text-color has-small-font-size\" style=\"margin-left:25px;font-style:normal;font-weight:500\">Kontakt<\/h2>\n\n\n\n<ul class=\"has-white-color has-text-color has-tiny-font-size\" style=\"font-style:normal;font-weight:400;line-height:2.8\">\n<li>ul. Wsp\u00f3lna 59<br>34-460 Szlachtowa<\/li>\n\n\n\n<li>Miros\u0142aw Biel &#8211; 511700709<br>Pawe\u0142 Piszczek &#8211; 504978780<\/li>\n<\/ul>\n<\/div>\n<\/div>\n\n\n\n<hr class=\"wp-block-separator alignfull has-text-color has-zeever-third-color has-alpha-channel-opacity has-zeever-third-background-color has-background is-style-wide\"\/>\n\n\n\n<div class=\"wp-block-group is-layout-flow wp-block-group-is-layout-flow\" style=\"padding-top:0px;padding-bottom:10px\">\n<div class=\"wp-block-columns are-vertically-aligned-center is-layout-flex wp-container-19 wp-block-columns-is-layout-flex\">\n<div class=\"wp-block-column is-vertically-aligned-center is-layout-flow wp-block-column-is-layout-flow\">\n<p class=\"has-text-align-left has-text-color has-link-color wp-elements-d9e1317292326ff07cad37c53353c3f1\" style=\"color:#d0d0d0;font-size:14px;font-style:normal;font-weight:300\">Copyright \u00a9 2023. All rights reserved.<\/p>\n<\/div>\n<\/div>\n<\/div>\n<\/div>\n","protected":false},"excerpt":{"rendered":"<p>Linki oferta kontakt Kontakt Copyright \u00a9 2023. All rights reserved.<\/p>\n","protected":false},"author":1,"featured_media":0,"parent":0,"menu_order":0,"comment_status":"closed","ping_status":"closed","template":"blank-canvas","meta":{"footnotes":""},"_links":{"self":[{"href":"http:\/\/mpinternet.pl\/index.php?rest_route=\/wp\/v2\/pages\/172"}],"collection":[{"href":"http:\/\/mpinternet.pl\/index.php?rest_route=\/wp\/v2\/pages"}],"about":[{"href":"http:\/\/mpinternet.pl\/index.php?rest_route=\/wp\/v2\/types\/page"}],"author":[{"embeddable":true,"href":"http:\/\/mpinternet.pl\/index.php?rest_route=\/wp\/v2\/users\/1"}],"replies":[{"embeddable":true,"href":"http:\/\/mpinternet.pl\/index.php?rest_route=%2Fwp%2Fv2%2Fcomments&post=172"}],"version-history":[{"count":9,"href":"http:\/\/mpinternet.pl\/index.php?rest_route=\/wp\/v2\/pages\/172\/revisions"}],"predecessor-version":[{"id":262,"href":"http:\/\/mpinternet.pl\/index.php?rest_route=\/wp\/v2\/pages\/172\/revisions\/262"}],"wp:attachment":[{"href":"http:\/\/mpinternet.pl\/index.php?rest_route=%2Fwp%2Fv2%2Fmedia&parent=172"}],"curies":[{"name":"wp","href":"https:\/\/api.w.org\/{rel}","templated":true}]}}