{"id":130,"date":"2023-07-03T20:16:09","date_gmt":"2023-07-03T20:16:09","guid":{"rendered":"https:\/\/195.117.231.9\/?page_id=130"},"modified":"2023-08-21T17:55:06","modified_gmt":"2023-08-21T17:55:06","slug":"radio","status":"publish","type":"page","link":"http:\/\/mpinternet.pl\/?page_id=130","title":{"rendered":"Dost\u0119p radiowy"},"content":{"rendered":"\n<div class=\"wp-block-group alignfull has-background-color has-white-color has-black-background-color has-text-color has-background has-link-color wp-elements-15d31da5dfcf122eefd672eb6c97f81d is-layout-constrained wp-block-group-is-layout-constrained\" style=\"padding-top:var(--wp--preset--spacing--30);padding-right:var(--wp--preset--spacing--30);padding-bottom:var(--wp--preset--spacing--30);padding-left:var(--wp--preset--spacing--30)\">\n<div class=\"wp-block-group alignwide is-content-justification-space-between is-layout-flex wp-container-4 wp-block-group-is-layout-flex\">\n<div class=\"wp-block-group is-layout-flex wp-block-group-is-layout-flex\"><h1 class=\"has-link-color wp-block-site-title wp-elements-f1e98d6c897e424c7d4e8232ded39f0a\"><a href=\"http:\/\/mpinternet.pl\" target=\"_self\" rel=\"home\">Jeste\u015bmy tu\u017c obok Ciebie<\/a><\/h1><\/div>\n\n\n<nav class=\"is-responsive items-justified-right wp-block-navigation is-content-justification-right is-layout-flex wp-container-3 wp-block-navigation-is-layout-flex\" aria-label=\"Header navigation 2\" ><button aria-haspopup=\"true\" aria-label=\"Open menu\" class=\"wp-block-navigation__responsive-container-open \" data-micromodal-trigger=\"modal-2\" ><svg width=\"24\" height=\"24\" xmlns=\"http:\/\/www.w3.org\/2000\/svg\" viewBox=\"0 0 24 24\" aria-hidden=\"true\" focusable=\"false\"><rect x=\"4\" y=\"7.5\" width=\"16\" height=\"1.5\" \/><rect x=\"4\" y=\"15\" width=\"16\" height=\"1.5\" \/><\/svg><\/button>\n\t\t\t<div class=\"wp-block-navigation__responsive-container  \" style=\"\" id=\"modal-2\" >\n\t\t\t\t<div class=\"wp-block-navigation__responsive-close\" tabindex=\"-1\" data-micromodal-close>\n\t\t\t\t\t<div class=\"wp-block-navigation__responsive-dialog\" aria-label=\"Menu\" >\n\t\t\t\t\t\t\t<button aria-label=\"Close menu\" data-micromodal-close class=\"wp-block-navigation__responsive-container-close\" ><svg xmlns=\"http:\/\/www.w3.org\/2000\/svg\" viewBox=\"0 0 24 24\" width=\"24\" height=\"24\" aria-hidden=\"true\" focusable=\"false\"><path d=\"M13 11.8l6.1-6.3-1-1-6.1 6.2-6.1-6.2-1 1 6.1 6.3-6.5 6.7 1 1 6.5-6.6 6.5 6.6 1-1z\"><\/path><\/svg><\/button>\n\t\t\t\t\t\t<div class=\"wp-block-navigation__responsive-container-content\" id=\"modal-2-content\">\n\t\t\t\t\t\t\t<ul class=\"wp-block-navigation__container is-responsive items-justified-right wp-block-navigation\"><li class=\" wp-block-navigation-item wp-block-navigation-link\"><a class=\"wp-block-navigation-item__content\"  href=\"http:\/\/mpinternet.pl\/\"><span class=\"wp-block-navigation-item__label\">STRONA G\u0141\u00d3WNA<\/span><\/a><\/li><li class=\" wp-block-navigation-item has-child open-on-hover-click wp-block-navigation-submenu\"><a class=\"wp-block-navigation-item__content\" href=\"http:\/\/mpinternet.pl\/?page_id=106\">OFERTA<\/a><button aria-label=\"OFERTA submenu\" class=\"wp-block-navigation__submenu-icon wp-block-navigation-submenu__toggle\" aria-expanded=\"false\"><svg xmlns=\"http:\/\/www.w3.org\/2000\/svg\" width=\"12\" height=\"12\" viewBox=\"0 0 12 12\" fill=\"none\" aria-hidden=\"true\" focusable=\"false\"><path d=\"M1.50002 4L6.00002 8L10.5 4\" stroke-width=\"1.5\"><\/path><\/svg><\/button><ul class=\"wp-block-navigation__submenu-container wp-block-navigation-submenu\"><li class=\" wp-block-navigation-item wp-block-navigation-link\"><a class=\"wp-block-navigation-item__content\"  href=\"http:\/\/mpinternet.pl\/?page_id=141\"><span class=\"wp-block-navigation-item__label\">internet \u015bwiat\u0142owodowy<\/span><\/a><\/li><li class=\" wp-block-navigation-item wp-block-navigation-link\"><a class=\"wp-block-navigation-item__content\"  href=\"http:\/\/mpinternet.pl\/?page_id=130\"><span class=\"wp-block-navigation-item__label\">Internet radiowy<\/span><\/a><\/li><li class=\" wp-block-navigation-item wp-block-navigation-link\"><a class=\"wp-block-navigation-item__content\"  href=\"http:\/\/mpinternet.pl\/?page_id=172\"><span class=\"wp-block-navigation-item__label\">Us\u0142ugi<\/span><\/a><\/li><\/ul><\/li><li class=\" wp-block-navigation-item wp-block-navigation-link\"><a class=\"wp-block-navigation-item__content\"  href=\"http:\/\/mpinternet.pl\/?page_id=192\"><span class=\"wp-block-navigation-item__label\">ZASI\u0118G<\/span><\/a><\/li><li class=\" wp-block-navigation-item wp-block-navigation-link\"><a class=\"wp-block-navigation-item__content\"  href=\"http:\/\/mpinternet.pl\/?page_id=164\"><span class=\"wp-block-navigation-item__label\">KONTAKT<\/span><\/a><\/li><li class=\" wp-block-navigation-item wp-block-navigation-link\"><a class=\"wp-block-navigation-item__content\"  href=\"http:\/\/mpinternet.pl\/?page_id=106\"><span class=\"wp-block-navigation-item__label\">Dokumenty<\/span><\/a><\/li><\/ul>\n\t\t\t\t\t\t<\/div>\n\t\t\t\t\t<\/div>\n\t\t\t\t<\/div>\n\t\t\t<\/div><\/nav><\/div>\n<\/div>\n\n\n\n<div class=\"wp-block-cover\" style=\"min-height:117px\"><span aria-hidden=\"true\" class=\"wp-block-cover__background has-background-dim-0 has-background-dim\"><\/span><img decoding=\"async\" loading=\"lazy\" width=\"1200\" height=\"1200\" class=\"wp-block-cover__image-background wp-image-131\" alt=\"\" src=\"https:\/\/195.117.231.9\/wp-content\/uploads\/2023\/07\/\u2014Pngtree\u2014vector-circuit-chip-texture-background_5008508-8.png\" style=\"object-position:61% 100%\" data-object-fit=\"cover\" data-object-position=\"61% 100%\" srcset=\"http:\/\/mpinternet.pl\/wp-content\/uploads\/2023\/07\/\u2014Pngtree\u2014vector-circuit-chip-texture-background_5008508-8.png 1200w, http:\/\/mpinternet.pl\/wp-content\/uploads\/2023\/07\/\u2014Pngtree\u2014vector-circuit-chip-texture-background_5008508-8-300x300.png 300w, http:\/\/mpinternet.pl\/wp-content\/uploads\/2023\/07\/\u2014Pngtree\u2014vector-circuit-chip-texture-background_5008508-8-1024x1024.png 1024w, http:\/\/mpinternet.pl\/wp-content\/uploads\/2023\/07\/\u2014Pngtree\u2014vector-circuit-chip-texture-background_5008508-8-150x150.png 150w, http:\/\/mpinternet.pl\/wp-content\/uploads\/2023\/07\/\u2014Pngtree\u2014vector-circuit-chip-texture-background_5008508-8-768x768.png 768w\" sizes=\"(max-width: 1200px) 100vw, 1200px\" \/><div class=\"wp-block-cover__inner-container is-layout-flow wp-block-cover-is-layout-flow\">\n<p class=\"has-text-align-center has-large-font-size\"><strong>Dost\u0119p do internetu<\/strong><\/p>\n<\/div><\/div>\n\n\n\n<div class=\"wp-block-gutenverse-divider guten-element guten-divider guten-WeWGxr\"><div class=\"guten-divider-wrapper\"><div class=\"guten-divider-dotted guten-divider-line guten-divider-regular\"><\/div><\/div><\/div>\n\n\n\n<div class=\"wp-block-group is-vertical is-content-justification-center is-layout-flex wp-container-7 wp-block-group-is-layout-flex\">\n<p class=\"has-text-align-center\">Poni\u017cej zestawione s\u0105 opcje abonamentu radiowego i ich ceny&nbsp;<strong>dla klient\u00f3w indywidualnych.<\/strong><\/p>\n\n\n\n<p>Podane pr\u0119dko\u015bci wysy\u0142ania i pobierania to warto\u015bci maksymalne.<\/p>\n<\/div>\n\n\n\n<div class=\"section-wrapper\" data-id=\"0xMmj4\"><section class=\"wp-block-gutenverse-section guten-element guten-section guten-0xMmj4 layout-boxed align-stretch\"><div class=\"guten-background-overlay\"><\/div><div class=\"guten-shape-divider guten-shape-divider-top\"><\/div><div class=\"guten-shape-divider guten-shape-divider-bottom\"><\/div><div class=\"guten-container guten-column-gap-default\">\n<div class=\"wp-block-gutenverse-column guten-element guten-column guten-JYItSA\"><div class=\"guten-background-overlay\"><\/div><div class=\"sticky-wrapper\" data-id=\"JYItSA\"><div class=\"guten-column-wrapper\">\n<div class=\"section-wrapper\" data-id=\"2tdPSp\"><section class=\"wp-block-gutenverse-section guten-element guten-section guten-2tdPSp layout-boxed align-stretch\"><div class=\"guten-background-overlay\"><\/div><div class=\"guten-shape-divider guten-shape-divider-top\"><\/div><div class=\"guten-shape-divider guten-shape-divider-bottom\"><\/div><div class=\"guten-container guten-column-gap-no\">\n<div class=\"wp-block-gutenverse-column guten-element guten-column guten-kcvFCs\"><div class=\"guten-background-overlay\"><\/div><div class=\"sticky-wrapper\" data-id=\"kcvFCs\"><div class=\"guten-column-wrapper\">\n<div class=\"guten-element guten-ScoKgT animated guten-element-hide desktop-fadeInUp guten-icon-box icon-position-undefined\"><div class=\"guten-icon-box-wrapper hover-from-left\"><div class=\"icon-box icon-box-header\"><div class=\"icon style-color\"><i class=\"fas fa-wifi\"><\/i><\/div><\/div><div class=\"icon-box icon-box-body\"><h3 class=\"title\">Radio 16<\/h3><p class=\"icon-box-description\">Pobieranie: 16 Mb\/s<br>Wysy\u0142anie: 1,6 Mb\/s<br>cena: 35\/mies<\/p><\/div><\/div><\/div>\n<\/div><\/div><\/div>\n\n\n\n<div class=\"wp-block-gutenverse-column guten-element guten-column guten-QNXeT8 animated guten-element-hide desktop-fadeInUp\"><div class=\"guten-background-overlay\"><\/div><div class=\"sticky-wrapper\" data-id=\"QNXeT8\"><div class=\"guten-column-wrapper\">\n<div class=\"guten-element guten-QDOrez guten-icon-box icon-position-undefined\"><div class=\"guten-icon-box-wrapper hover-from-left\"><div class=\"icon-box icon-box-header\"><div class=\"icon style-color\"><i class=\"fas fa-wifi\"><\/i><\/div><\/div><div class=\"icon-box icon-box-body\"><h3 class=\"title\">Radio 20<\/h3><p class=\"icon-box-description\">Pobieranie: 20 Mb\/s<br>Wysy\u0142anie: 2 Mb\/s<br>cena: 45\/mies<\/p><\/div><\/div><\/div>\n<\/div><\/div><\/div>\n\n\n\n<div class=\"wp-block-gutenverse-column guten-element guten-column guten-EJrIPk\"><div class=\"guten-background-overlay\"><\/div><div class=\"sticky-wrapper\" data-id=\"EJrIPk\"><div class=\"guten-column-wrapper\">\n<div class=\"guten-element guten-M5k1eR animated guten-element-hide desktop-fadeInUp guten-icon-box icon-position-undefined\"><div class=\"guten-icon-box-wrapper hover-from-left\"><div class=\"icon-box icon-box-header\"><div class=\"icon style-color\"><i class=\"fas fa-wifi\"><\/i><\/div><\/div><div class=\"icon-box icon-box-body\"><h3 class=\"title\">Radio 30<\/h3><p class=\"icon-box-description\">Pobieranie: 30 Mb\/s<br>Wysy\u0142anie: 3 Mb\/s<br>cena: 55\/mies<\/p><\/div><\/div><\/div>\n<\/div><\/div><\/div>\n<\/div><\/section><\/div>\n\n\n\n<div class=\"section-wrapper\" data-id=\"B6kidw\"><section class=\"wp-block-gutenverse-section guten-element guten-section guten-B6kidw layout-boxed align-stretch\"><div class=\"guten-background-overlay\"><\/div><div class=\"guten-shape-divider guten-shape-divider-top\"><\/div><div class=\"guten-shape-divider guten-shape-divider-bottom\"><\/div><div class=\"guten-container guten-column-gap-no\">\n<div class=\"wp-block-gutenverse-column guten-element guten-column guten-QoUh0Q\"><div class=\"guten-background-overlay\"><\/div><div class=\"sticky-wrapper\" data-id=\"QoUh0Q\"><div class=\"guten-column-wrapper\">\n<div class=\"guten-element guten-OQNpDS animated guten-element-hide desktop-fadeInUp guten-icon-box icon-position-undefined\"><div class=\"guten-icon-box-wrapper hover-from-left\"><div class=\"icon-box icon-box-header\"><div class=\"icon style-color\"><i class=\"fas fa-wifi\"><\/i><\/div><\/div><div class=\"icon-box icon-box-body\"><h3 class=\"title\">Radio 60<\/h3><p class=\"icon-box-description\">Pobieranie: 60 Mb\/s<br>Wysy\u0142anie: 6 Mb\/s<br>cena: 75\/mies<\/p><\/div><\/div><\/div>\n<\/div><\/div><\/div>\n\n\n\n<div class=\"wp-block-gutenverse-column guten-element guten-column guten-PQV5DZ\"><div class=\"guten-background-overlay\"><\/div><div class=\"sticky-wrapper\" data-id=\"PQV5DZ\"><div class=\"guten-column-wrapper\">\n<div class=\"guten-element guten-TQByUv animated guten-element-hide desktop-fadeInUp guten-icon-box icon-position-undefined\"><div class=\"guten-icon-box-wrapper hover-from-left\"><div class=\"icon-box icon-box-header\"><div class=\"icon style-color\"><i class=\"fas fa-wifi\"><\/i><\/div><\/div><div class=\"icon-box icon-box-body\"><h3 class=\"title\">Radio 100<\/h3><p class=\"icon-box-description\">Pobieranie: 100 Mb\/s<br>Wysy\u0142anie: 10Mb\/s<br>cena: 80\/mies<\/p><\/div><\/div><\/div>\n<\/div><\/div><\/div>\n\n\n\n<div class=\"wp-block-gutenverse-column guten-element guten-column guten-ZtyTR2\"><div class=\"guten-background-overlay\"><\/div><div class=\"sticky-wrapper\" data-id=\"ZtyTR2\"><div class=\"guten-column-wrapper\"><\/div><\/div><\/div>\n<\/div><\/section><\/div>\n<\/div><\/div><\/div>\n<\/div><\/section><\/div>\n\n\n\n<h2 class=\"wp-block-heading has-text-align-center\"><strong>W celu uzyskania oferty dla biznesu prosimy o <a href=\"https:\/\/195.117.231.9\/?page_id=164\" data-type=\"page\" data-id=\"164\">kontakt<\/a> telefoniczny lub mailowy.<br>Oferujemy atrakcyjne opcje pr\u0119dko\u015bci \u0142\u0105cznie z dost\u0119pem symetrycznym<\/strong> i sta\u0142ym publicznym adresem IPv4 lub IPv6<\/h2>\n","protected":false},"excerpt":{"rendered":"<p>Poni\u017cej zestawione s\u0105 opcje abonamentu radiowego i ich ceny&nbsp;dla klient\u00f3w indywidualnych. Podane pr\u0119dko\u015bci wysy\u0142ania i pobierania to warto\u015bci maksymalne. W celu uzyskania oferty dla biznesu prosimy o kontakt telefoniczny lub mailowy.Oferujemy atrakcyjne opcje pr\u0119dko\u015bci \u0142\u0105cznie z dost\u0119pem symetrycznym i sta\u0142ym publicznym adresem IPv4 lub IPv6<\/p>\n","protected":false},"author":1,"featured_media":0,"parent":0,"menu_order":0,"comment_status":"closed","ping_status":"closed","template":"blank-canvas","meta":{"footnotes":""},"_links":{"self":[{"href":"http:\/\/mpinternet.pl\/index.php?rest_route=\/wp\/v2\/pages\/130"}],"collection":[{"href":"http:\/\/mpinternet.pl\/index.php?rest_route=\/wp\/v2\/pages"}],"about":[{"href":"http:\/\/mpinternet.pl\/index.php?rest_route=\/wp\/v2\/types\/page"}],"author":[{"embeddable":true,"href":"http:\/\/mpinternet.pl\/index.php?rest_route=\/wp\/v2\/users\/1"}],"replies":[{"embeddable":true,"href":"http:\/\/mpinternet.pl\/index.php?rest_route=%2Fwp%2Fv2%2Fcomments&post=130"}],"version-history":[{"count":7,"href":"http:\/\/mpinternet.pl\/index.php?rest_route=\/wp\/v2\/pages\/130\/revisions"}],"predecessor-version":[{"id":263,"href":"http:\/\/mpinternet.pl\/index.php?rest_route=\/wp\/v2\/pages\/130\/revisions\/263"}],"wp:attachment":[{"href":"http:\/\/mpinternet.pl\/index.php?rest_route=%2Fwp%2Fv2%2Fmedia&parent=130"}],"curies":[{"name":"wp","href":"https:\/\/api.w.org\/{rel}","templated":true}]}}